{"id":52,"date":"2026-03-30T06:53:38","date_gmt":"2026-03-30T06:53:38","guid":{"rendered":"https:\/\/newpage-it.hu\/?page_id=52"},"modified":"2026-03-30T06:53:38","modified_gmt":"2026-03-30T06:53:38","slug":"adatkezelesi-tajekoztato","status":"publish","type":"page","link":"https:\/\/newpage-it.hu\/?page_id=52","title":{"rendered":"Adatkezel\u00e9si t\u00e1j\u00e9koztat\u00f3"},"content":{"rendered":"\n<p><\/p>\n\n\n\n<h2 class=\"wp-block-heading\">Tisztelt l\u00e1togat\u00f3!<\/h2>\n\n\n\n<p><\/p>\n\n\n\n<p>Ez a weboldal nem haszn\u00e1l cookie-kat, \u00e9s semmilyen inform\u00e1ci\u00f3t nem gy\u0171jt vagy t\u00e1rol a l\u00e1togat\u00f3ir\u00f3l.<\/p>\n\n\n\n<p><\/p>\n","protected":false},"excerpt":{"rendered":"<p>Tisztelt l\u00e1togat\u00f3! Ez a weboldal nem haszn\u00e1l cookie-kat, \u00e9s semmilyen inform\u00e1ci\u00f3t nem gy\u0171jt vagy t\u00e1rol a l\u00e1togat\u00f3ir\u00f3l.<\/p>\n","protected":false},"author":1,"featured_media":0,"parent":0,"menu_order":0,"comment_status":"closed","ping_status":"closed","template":"","meta":{"footnotes":""},"class_list":["post-52","page","type-page","status-publish","hentry"],"_links":{"self":[{"href":"https:\/\/newpage-it.hu\/index.php?rest_route=\/wp\/v2\/pages\/52","targetHints":{"allow":["GET"]}}],"collection":[{"href":"https:\/\/newpage-it.hu\/index.php?rest_route=\/wp\/v2\/pages"}],"about":[{"href":"https:\/\/newpage-it.hu\/index.php?rest_route=\/wp\/v2\/types\/page"}],"author":[{"embeddable":true,"href":"https:\/\/newpage-it.hu\/index.php?rest_route=\/wp\/v2\/users\/1"}],"replies":[{"embeddable":true,"href":"https:\/\/newpage-it.hu\/index.php?rest_route=%2Fwp%2Fv2%2Fcomments&post=52"}],"version-history":[{"count":1,"href":"https:\/\/newpage-it.hu\/index.php?rest_route=\/wp\/v2\/pages\/52\/revisions"}],"predecessor-version":[{"id":53,"href":"https:\/\/newpage-it.hu\/index.php?rest_route=\/wp\/v2\/pages\/52\/revisions\/53"}],"wp:attachment":[{"href":"https:\/\/newpage-it.hu\/index.php?rest_route=%2Fwp%2Fv2%2Fmedia&parent=52"}],"curies":[{"name":"wp","href":"https:\/\/api.w.org\/{rel}","templated":true}]}}